{"id":274,"date":"2023-05-02T17:16:44","date_gmt":"2023-05-02T15:16:44","guid":{"rendered":"http:\/\/undevaincomunism.com\/?page_id=274"},"modified":"2023-09-05T12:52:33","modified_gmt":"2023-09-05T10:52:33","slug":"eveniment-24-august-tica-lumanare","status":"publish","type":"page","link":"https:\/\/undevaincomunism.com\/es\/eveniment-24-august-tica-lumanare\/","title":{"rendered":"Eveniment 24 august &#8211; Tica Lumanare"},"content":{"rendered":"<div data-elementor-type=\"wp-page\" data-elementor-id=\"274\" class=\"elementor elementor-274\" data-elementor-post-type=\"page\">\n\t\t\t\t\t\t<section class=\"wd-negative-gap elementor-section elementor-top-section elementor-element elementor-element-6717d14 elementor-section-full_width elementor-section-stretched elementor-section-height-default elementor-section-height-default\" data-id=\"6717d14\" data-element_type=\"section\" data-settings=\"{&quot;stretch_section&quot;:&quot;section-stretched&quot;}\">\n\t\t\t\t\t\t\t<div class=\"elementor-background-overlay\"><\/div>\n\t\t\t\t\t\t\t<div class=\"elementor-container elementor-column-gap-default\">\n\t\t\t\t\t<div class=\"elementor-column elementor-col-100 elementor-top-column elementor-element elementor-element-5508a73\" data-id=\"5508a73\" data-element_type=\"column\" data-settings=\"{&quot;background_background&quot;:&quot;classic&quot;}\">\n\t\t\t<div class=\"elementor-widget-wrap elementor-element-populated\">\n\t\t\t\t\t<div class=\"elementor-background-overlay\"><\/div>\n\t\t\t\t\t\t<div class=\"elementor-element elementor-element-5b08838 elementor-widget elementor-widget-heading\" data-id=\"5b08838\" data-element_type=\"widget\" data-widget_type=\"heading.default\">\n\t\t\t\t<div class=\"elementor-widget-container\">\n\t\t\t\t\t<h2 class=\"elementor-heading-title elementor-size-default\">Eveniment 24 august <br>Tica Luminare<\/h2>\t\t\t\t<\/div>\n\t\t\t\t<\/div>\n\t\t\t\t\t<\/div>\n\t\t<\/div>\n\t\t\t\t\t<\/div>\n\t\t<\/section>\n\t\t\t\t<section class=\"wd-negative-gap elementor-section elementor-top-section elementor-element elementor-element-5ca812d elementor-section-boxed elementor-section-height-default elementor-section-height-default\" data-id=\"5ca812d\" data-element_type=\"section\">\n\t\t\t\t\t\t<div class=\"elementor-container elementor-column-gap-default\">\n\t\t\t\t\t<div class=\"elementor-column elementor-col-100 elementor-top-column elementor-element elementor-element-e3b2016\" data-id=\"e3b2016\" data-element_type=\"column\">\n\t\t\t<div class=\"elementor-widget-wrap elementor-element-populated\">\n\t\t\t\t\t\t<section class=\"wd-negative-gap elementor-section elementor-inner-section elementor-element elementor-element-2a09aff elementor-section-boxed elementor-section-height-default elementor-section-height-default\" data-id=\"2a09aff\" data-element_type=\"section\">\n\t\t\t\t\t\t<div class=\"elementor-container elementor-column-gap-default\">\n\t\t\t\t\t<div class=\"elementor-column elementor-col-100 elementor-inner-column elementor-element elementor-element-a2a552d\" data-id=\"a2a552d\" data-element_type=\"column\">\n\t\t\t<div class=\"elementor-widget-wrap elementor-element-populated\">\n\t\t\t\t\t\t<div class=\"elementor-element elementor-element-ea7bd00 color-scheme-inherit text-left elementor-widget elementor-widget-text-editor\" data-id=\"ea7bd00\" data-element_type=\"widget\" data-widget_type=\"text-editor.default\">\n\t\t\t\t<div class=\"elementor-widget-container\">\n\t\t\t\t\t\t\t\t\t<p>Dragi iubitori ai muzicii folk, deschidem seria evenimentelor culturale cu un concert special, sus\u021binut de Tic\u0103 Lum\u00eenare. Evenimentul va avea loc:<\/p><p>\u2022 la data de 24 august, ora 20:00, <br \/>\u2022 \u00een sufrageria muzeului \u201eUndeva \u00een Comunism\u201d, pe Strada Covaci, \u00een inima Centrului Vechi al Capitalei.<\/p><p>Notele melodiilor lui Tic\u0103 Lum\u00eenare au c\u0103l\u0103torit \u00een timp, travers\u00e2nd genera\u021bii \u0219i epoci apuse; au r\u0103sunat \u00een cabanele de munte \u0219i \u00een lumina dansant\u0103 a focurilor de tab\u0103r\u0103, al\u0103turi de prieteni dragi. \u00centr-o lume \u00een care muzica nu c\u0103l\u0103torea pe unde luminoase de internet, melodiile fermec\u0103toare ale lui Tic\u0103 Lum\u00eenare au str\u0103b\u0103tut suflete \u0219i s-au p\u0103strat cu grij\u0103 \u00een repertoriul tuturor folkistilor ce c\u00e2nt\u0103 pe mun\u021bi, la cabane sau la un foc de tabar\u0103 pe malul m\u0103rii.<\/p><p>Folkul este mai mult dec\u00e2t muzic\u0103. Este o expresie a sufletului, o poezie a vie\u021bii, a iubirii, a leg\u0103turii cu natura, a bucuriilor \u0219i tr\u0103irilor autentice. Este despre a sim\u021bi fiecare vers, fiecare not\u0103, \u0219i a \u00eemp\u0103rt\u0103\u0219i aceste sentimente cu cei din jur. Sufrageria muzeului, cu decorul s\u0103u autentic \u201ede alt\u0103dat\u0103\u201d, este locul ideal pentru a tr\u0103i aceast\u0103 experien\u021b\u0103. \u00cempreun\u0103 vom savura un ceai \u0219i vom sim\u021bi vibra\u021bia acordurilor folk \u00eentr-un cadru plin de istorie \u0219i emo\u021bie. De asemenea, exist\u0103 posibilitatea de a comanda aperitive \u0219i alte b\u0103uturi (inclusiv alcoolice).<\/p><p>V\u0103 reamintim c\u0103 muzeul nostru \u0219i-a deschis por\u021bile recent, \u00een luna iulie a anului 2023, cu scopul de a aduce \u00een aten\u021bia publicului t\u00e2n\u0103r \u0219i mai pu\u021bin t\u00e2n\u0103r perioada comunist\u0103 din istoria Rom\u00e2niei. Prin intermediul evenimentelor culturale precum acest concert, dorim s\u0103 con\u0219tientiz\u0103m \u0219i s\u0103 aducem \u00een prim-plan lec\u021biile trecutului pentru a construi un viitor mai bun.<\/p><p>Num\u0103rul de locuri \u00een sufragerie este limitat, iar biletele sunt disponibile \u00eentr-un num\u0103r redus. Pentru a v\u0103 asigura un loc la concert, v\u0103 rug\u0103m s\u0103 face\u021bi o rezervare online.<\/p>\t\t\t\t\t\t\t\t<\/div>\n\t\t\t\t<\/div>\n\t\t\t\t<div class=\"elementor-element elementor-element-9606e20 elementor-widget elementor-widget-image\" data-id=\"9606e20\" data-element_type=\"widget\" data-widget_type=\"image.default\">\n\t\t\t\t<div class=\"elementor-widget-container\">\n\t\t\t\t\t\t\t\t\t\t\t\t\t\t\t<img loading=\"lazy\" decoding=\"async\" width=\"1024\" height=\"578\" src=\"https:\/\/undevaincomunism.com\/wp-content\/uploads\/2023\/08\/eveniment-24-august-Tica_page-0001-1024x578.jpg\" class=\"attachment-large size-large wp-image-993\" alt=\"\" srcset=\"https:\/\/undevaincomunism.com\/wp-content\/uploads\/2023\/08\/eveniment-24-august-Tica_page-0001-1024x578.jpg 1024w, https:\/\/undevaincomunism.com\/wp-content\/uploads\/2023\/08\/eveniment-24-august-Tica_page-0001-150x85.jpg 150w, https:\/\/undevaincomunism.com\/wp-content\/uploads\/2023\/08\/eveniment-24-august-Tica_page-0001-600x338.jpg 600w, https:\/\/undevaincomunism.com\/wp-content\/uploads\/2023\/08\/eveniment-24-august-Tica_page-0001-300x169.jpg 300w, https:\/\/undevaincomunism.com\/wp-content\/uploads\/2023\/08\/eveniment-24-august-Tica_page-0001-768x433.jpg 768w, https:\/\/undevaincomunism.com\/wp-content\/uploads\/2023\/08\/eveniment-24-august-Tica_page-0001-18x10.jpg 18w, https:\/\/undevaincomunism.com\/wp-content\/uploads\/2023\/08\/eveniment-24-august-Tica_page-0001.jpg 1055w\" sizes=\"auto, (max-width: 1024px) 100vw, 1024px\" \/>\t\t\t\t\t\t\t\t\t\t\t\t\t\t\t<\/div>\n\t\t\t\t<\/div>\n\t\t\t\t\t<\/div>\n\t\t<\/div>\n\t\t\t\t\t<\/div>\n\t\t<\/section>\n\t\t\t\t\t<\/div>\n\t\t<\/div>\n\t\t\t\t\t<\/div>\n\t\t<\/section>\n\t\t\t\t<section class=\"wd-negative-gap elementor-section elementor-top-section elementor-element elementor-element-0c2a98c wd-section-stretch elementor-section-boxed elementor-section-height-default elementor-section-height-default\" data-id=\"0c2a98c\" data-element_type=\"section\" data-settings=\"{&quot;background_background&quot;:&quot;classic&quot;}\">\n\t\t\t\t\t\t\t<div class=\"elementor-background-overlay\"><\/div>\n\t\t\t\t\t\t\t<div class=\"elementor-container elementor-column-gap-default\">\n\t\t\t\t\t<div class=\"elementor-column elementor-col-100 elementor-top-column elementor-element elementor-element-3e3d140\" data-id=\"3e3d140\" data-element_type=\"column\">\n\t\t\t<div class=\"elementor-widget-wrap elementor-element-populated\">\n\t\t\t\t\t\t<section class=\"wd-negative-gap elementor-section elementor-inner-section elementor-element elementor-element-4134ef8 elementor-section-boxed elementor-section-height-default elementor-section-height-default\" data-id=\"4134ef8\" data-element_type=\"section\">\n\t\t\t\t\t\t<div class=\"elementor-container elementor-column-gap-default\">\n\t\t\t\t\t<div class=\"elementor-column elementor-col-50 elementor-inner-column elementor-element elementor-element-964389c\" data-id=\"964389c\" data-element_type=\"column\">\n\t\t\t<div class=\"elementor-widget-wrap elementor-element-populated\">\n\t\t\t\t\t\t<div class=\"elementor-element elementor-element-d4dc45c elementor-widget elementor-widget-heading\" data-id=\"d4dc45c\" data-element_type=\"widget\" data-widget_type=\"heading.default\">\n\t\t\t\t<div class=\"elementor-widget-container\">\n\t\t\t\t\t<h2 class=\"elementor-heading-title elementor-size-default\">INFORMATII DE INTERES<\/h2>\t\t\t\t<\/div>\n\t\t\t\t<\/div>\n\t\t\t\t\t<\/div>\n\t\t<\/div>\n\t\t\t\t<div class=\"elementor-column elementor-col-50 elementor-inner-column elementor-element elementor-element-ada8023\" data-id=\"ada8023\" data-element_type=\"column\">\n\t\t\t<div class=\"elementor-widget-wrap\">\n\t\t\t\t\t\t\t<\/div>\n\t\t<\/div>\n\t\t\t\t\t<\/div>\n\t\t<\/section>\n\t\t\t\t<section class=\"wd-negative-gap elementor-section elementor-inner-section elementor-element elementor-element-59990ab elementor-section-boxed elementor-section-height-default elementor-section-height-default\" data-id=\"59990ab\" data-element_type=\"section\">\n\t\t\t\t\t\t<div class=\"elementor-container elementor-column-gap-default\">\n\t\t\t\t\t<div class=\"elementor-column elementor-col-25 elementor-inner-column elementor-element elementor-element-50ebb0c\" data-id=\"50ebb0c\" data-element_type=\"column\">\n\t\t\t<div class=\"elementor-widget-wrap elementor-element-populated\">\n\t\t\t\t\t\t<div class=\"elementor-element elementor-element-a165a95 elementor-widget elementor-widget-image\" data-id=\"a165a95\" data-element_type=\"widget\" data-widget_type=\"image.default\">\n\t\t\t\t<div class=\"elementor-widget-container\">\n\t\t\t\t\t\t\t\t\t\t\t\t\t\t\t<img loading=\"lazy\" decoding=\"async\" width=\"898\" height=\"912\" src=\"https:\/\/undevaincomunism.com\/wp-content\/uploads\/2023\/04\/Group-26695.png\" class=\"attachment-large size-large wp-image-51\" alt=\"\" srcset=\"https:\/\/undevaincomunism.com\/wp-content\/uploads\/2023\/04\/Group-26695.png 898w, https:\/\/undevaincomunism.com\/wp-content\/uploads\/2023\/04\/Group-26695-150x152.png 150w, https:\/\/undevaincomunism.com\/wp-content\/uploads\/2023\/04\/Group-26695-600x609.png 600w, https:\/\/undevaincomunism.com\/wp-content\/uploads\/2023\/04\/Group-26695-295x300.png 295w, https:\/\/undevaincomunism.com\/wp-content\/uploads\/2023\/04\/Group-26695-768x780.png 768w\" sizes=\"auto, (max-width: 898px) 100vw, 898px\" \/>\t\t\t\t\t\t\t\t\t\t\t\t\t\t\t<\/div>\n\t\t\t\t<\/div>\n\t\t\t\t<div class=\"elementor-element elementor-element-df342e5 elementor-widget elementor-widget-heading\" data-id=\"df342e5\" data-element_type=\"widget\" data-widget_type=\"heading.default\">\n\t\t\t\t<div class=\"elementor-widget-container\">\n\t\t\t\t\t<h2 class=\"elementor-heading-title elementor-size-default\">CAND?<\/h2>\t\t\t\t<\/div>\n\t\t\t\t<\/div>\n\t\t\t\t<div class=\"elementor-element elementor-element-8cf8e1e color-scheme-inherit text-left elementor-widget elementor-widget-text-editor\" data-id=\"8cf8e1e\" data-element_type=\"widget\" data-widget_type=\"text-editor.default\">\n\t\t\t\t<div class=\"elementor-widget-container\">\n\t\t\t\t\t\t\t\t\t<p>24 AUGUST, 20:00<\/p>\t\t\t\t\t\t\t\t<\/div>\n\t\t\t\t<\/div>\n\t\t\t\t\t<\/div>\n\t\t<\/div>\n\t\t\t\t<div class=\"elementor-column elementor-col-25 elementor-inner-column elementor-element elementor-element-b67533c\" data-id=\"b67533c\" data-element_type=\"column\">\n\t\t\t<div class=\"elementor-widget-wrap elementor-element-populated\">\n\t\t\t\t\t\t<div class=\"elementor-element elementor-element-982fa1c elementor-widget elementor-widget-image\" data-id=\"982fa1c\" data-element_type=\"widget\" data-widget_type=\"image.default\">\n\t\t\t\t<div class=\"elementor-widget-container\">\n\t\t\t\t\t\t\t\t\t\t\t\t\t\t\t<img loading=\"lazy\" decoding=\"async\" width=\"898\" height=\"912\" src=\"https:\/\/undevaincomunism.com\/wp-content\/uploads\/2023\/04\/Group-26695.png\" class=\"attachment-large size-large wp-image-51\" alt=\"\" srcset=\"https:\/\/undevaincomunism.com\/wp-content\/uploads\/2023\/04\/Group-26695.png 898w, https:\/\/undevaincomunism.com\/wp-content\/uploads\/2023\/04\/Group-26695-150x152.png 150w, https:\/\/undevaincomunism.com\/wp-content\/uploads\/2023\/04\/Group-26695-600x609.png 600w, https:\/\/undevaincomunism.com\/wp-content\/uploads\/2023\/04\/Group-26695-295x300.png 295w, https:\/\/undevaincomunism.com\/wp-content\/uploads\/2023\/04\/Group-26695-768x780.png 768w\" sizes=\"auto, (max-width: 898px) 100vw, 898px\" \/>\t\t\t\t\t\t\t\t\t\t\t\t\t\t\t<\/div>\n\t\t\t\t<\/div>\n\t\t\t\t<div class=\"elementor-element elementor-element-adf31a6 elementor-widget elementor-widget-heading\" data-id=\"adf31a6\" data-element_type=\"widget\" data-widget_type=\"heading.default\">\n\t\t\t\t<div class=\"elementor-widget-container\">\n\t\t\t\t\t<h2 class=\"elementor-heading-title elementor-size-default\">UNDE?<\/h2>\t\t\t\t<\/div>\n\t\t\t\t<\/div>\n\t\t\t\t<div class=\"elementor-element elementor-element-0cad2f1 color-scheme-inherit text-left elementor-widget elementor-widget-text-editor\" data-id=\"0cad2f1\" data-element_type=\"widget\" data-widget_type=\"text-editor.default\">\n\t\t\t\t<div class=\"elementor-widget-container\">\n\t\t\t\t\t\t\t\t\t<p>Muzeul Undeva in Comunism<\/p>\t\t\t\t\t\t\t\t<\/div>\n\t\t\t\t<\/div>\n\t\t\t\t\t<\/div>\n\t\t<\/div>\n\t\t\t\t<div class=\"elementor-column elementor-col-25 elementor-inner-column elementor-element elementor-element-1328276\" data-id=\"1328276\" data-element_type=\"column\">\n\t\t\t<div class=\"elementor-widget-wrap elementor-element-populated\">\n\t\t\t\t\t\t<div class=\"elementor-element elementor-element-2d6fae6 elementor-widget elementor-widget-image\" data-id=\"2d6fae6\" data-element_type=\"widget\" data-widget_type=\"image.default\">\n\t\t\t\t<div class=\"elementor-widget-container\">\n\t\t\t\t\t\t\t\t\t\t\t\t\t\t\t<img loading=\"lazy\" decoding=\"async\" width=\"898\" height=\"912\" src=\"https:\/\/undevaincomunism.com\/wp-content\/uploads\/2023\/04\/Group-26695.png\" class=\"attachment-large size-large wp-image-51\" alt=\"\" srcset=\"https:\/\/undevaincomunism.com\/wp-content\/uploads\/2023\/04\/Group-26695.png 898w, https:\/\/undevaincomunism.com\/wp-content\/uploads\/2023\/04\/Group-26695-150x152.png 150w, https:\/\/undevaincomunism.com\/wp-content\/uploads\/2023\/04\/Group-26695-600x609.png 600w, https:\/\/undevaincomunism.com\/wp-content\/uploads\/2023\/04\/Group-26695-295x300.png 295w, https:\/\/undevaincomunism.com\/wp-content\/uploads\/2023\/04\/Group-26695-768x780.png 768w\" sizes=\"auto, (max-width: 898px) 100vw, 898px\" \/>\t\t\t\t\t\t\t\t\t\t\t\t\t\t\t<\/div>\n\t\t\t\t<\/div>\n\t\t\t\t<div class=\"elementor-element elementor-element-4ac682e elementor-widget elementor-widget-heading\" data-id=\"4ac682e\" data-element_type=\"widget\" data-widget_type=\"heading.default\">\n\t\t\t\t<div class=\"elementor-widget-container\">\n\t\t\t\t\t<h2 class=\"elementor-heading-title elementor-size-default\">CAT COSTA?<\/h2>\t\t\t\t<\/div>\n\t\t\t\t<\/div>\n\t\t\t\t<div class=\"elementor-element elementor-element-3cb8a0b color-scheme-inherit text-left elementor-widget elementor-widget-text-editor\" data-id=\"3cb8a0b\" data-element_type=\"widget\" data-widget_type=\"text-editor.default\">\n\t\t\t\t<div class=\"elementor-widget-container\">\n\t\t\t\t\t\t\t\t\t<p>45 lei\/persoana<\/p>\t\t\t\t\t\t\t\t<\/div>\n\t\t\t\t<\/div>\n\t\t\t\t\t<\/div>\n\t\t<\/div>\n\t\t\t\t<div class=\"elementor-column elementor-col-25 elementor-inner-column elementor-element elementor-element-b4d47d8\" data-id=\"b4d47d8\" data-element_type=\"column\">\n\t\t\t<div class=\"elementor-widget-wrap elementor-element-populated\">\n\t\t\t\t\t\t<div class=\"elementor-element elementor-element-4eb7c78 elementor-widget elementor-widget-image\" data-id=\"4eb7c78\" data-element_type=\"widget\" data-widget_type=\"image.default\">\n\t\t\t\t<div class=\"elementor-widget-container\">\n\t\t\t\t\t\t\t\t\t\t\t\t\t\t\t<img loading=\"lazy\" decoding=\"async\" width=\"898\" height=\"912\" src=\"https:\/\/undevaincomunism.com\/wp-content\/uploads\/2023\/04\/Group-26695.png\" class=\"attachment-large size-large wp-image-51\" alt=\"\" srcset=\"https:\/\/undevaincomunism.com\/wp-content\/uploads\/2023\/04\/Group-26695.png 898w, https:\/\/undevaincomunism.com\/wp-content\/uploads\/2023\/04\/Group-26695-150x152.png 150w, https:\/\/undevaincomunism.com\/wp-content\/uploads\/2023\/04\/Group-26695-600x609.png 600w, https:\/\/undevaincomunism.com\/wp-content\/uploads\/2023\/04\/Group-26695-295x300.png 295w, https:\/\/undevaincomunism.com\/wp-content\/uploads\/2023\/04\/Group-26695-768x780.png 768w\" sizes=\"auto, (max-width: 898px) 100vw, 898px\" \/>\t\t\t\t\t\t\t\t\t\t\t\t\t\t\t<\/div>\n\t\t\t\t<\/div>\n\t\t\t\t<div class=\"elementor-element elementor-element-659b4f3 elementor-widget elementor-widget-heading\" data-id=\"659b4f3\" data-element_type=\"widget\" data-widget_type=\"heading.default\">\n\t\t\t\t<div class=\"elementor-widget-container\">\n\t\t\t\t\t<h2 class=\"elementor-heading-title elementor-size-default\">CONTACT<\/h2>\t\t\t\t<\/div>\n\t\t\t\t<\/div>\n\t\t\t\t<div class=\"elementor-element elementor-element-3a00e4c color-scheme-inherit text-left elementor-widget elementor-widget-text-editor\" data-id=\"3a00e4c\" data-element_type=\"widget\" data-widget_type=\"text-editor.default\">\n\t\t\t\t<div class=\"elementor-widget-container\">\n\t\t\t\t\t\t\t\t\t<a style=\"color: white;\" href=\"tel: 0735 636 059\">0735 636 059<\/a>\t\t\t\t\t\t\t\t<\/div>\n\t\t\t\t<\/div>\n\t\t\t\t\t<\/div>\n\t\t<\/div>\n\t\t\t\t\t<\/div>\n\t\t<\/section>\n\t\t\t\t\t<\/div>\n\t\t<\/div>\n\t\t\t\t\t<\/div>\n\t\t<\/section>\n\t\t\t\t<\/div>","protected":false},"excerpt":{"rendered":"<p>Eveniment 24 august Tica Luminare Dragi iubitori ai muzicii folk, deschidem seria evenimentelor culturale cu un concert special, sus\u021binut de<\/p>","protected":false},"author":1,"featured_media":993,"parent":0,"menu_order":0,"comment_status":"closed","ping_status":"closed","template":"elementor_header_footer","meta":{"footnotes":""},"class_list":["post-274","page","type-page","status-publish","has-post-thumbnail","hentry"],"yoast_head":"<!-- This site is optimized with the Yoast SEO plugin v26.8 - https:\/\/yoast.com\/product\/yoast-seo-wordpress\/ -->\n<title>Eveniment 24 august - Tica Lumanare - Undeva In Comunism<\/title>\n<meta name=\"description\" content=\"Dragi iubitori ai muzicii folk, deschidem seria evenimentelor culturale cu un concert special, sus\u021binut de artistul Tic\u0103 Lum\u00eenare.\" \/>\n<meta name=\"robots\" content=\"index, follow, max-snippet:-1, max-image-preview:large, max-video-preview:-1\" \/>\n<link rel=\"canonical\" href=\"https:\/\/undevaincomunism.com\/es\/eveniment-24-august-tica-lumanare\/\" \/>\n<meta property=\"og:locale\" content=\"es_ES\" \/>\n<meta property=\"og:type\" content=\"article\" \/>\n<meta property=\"og:title\" content=\"Eveniment 24 august - Tica Lumanare - Undeva In Comunism\" \/>\n<meta property=\"og:description\" content=\"Dragi iubitori ai muzicii folk, deschidem seria evenimentelor culturale cu un concert special, sus\u021binut de artistul Tic\u0103 Lum\u00eenare.\" \/>\n<meta property=\"og:url\" content=\"https:\/\/undevaincomunism.com\/es\/eveniment-24-august-tica-lumanare\/\" \/>\n<meta property=\"og:site_name\" content=\"Undeva In Comunism\" \/>\n<meta property=\"article:modified_time\" content=\"2023-09-05T10:52:33+00:00\" \/>\n<meta property=\"og:image\" content=\"https:\/\/undevaincomunism.com\/wp-content\/uploads\/2023\/08\/eveniment-24-august-Tica_page-0001.jpg\" \/>\n\t<meta property=\"og:image:width\" content=\"1055\" \/>\n\t<meta property=\"og:image:height\" content=\"595\" \/>\n\t<meta property=\"og:image:type\" content=\"image\/jpeg\" \/>\n<meta name=\"twitter:card\" content=\"summary_large_image\" \/>\n<meta name=\"twitter:label1\" content=\"Tiempo de lectura\" \/>\n\t<meta name=\"twitter:data1\" content=\"3 minutos\" \/>\n<script type=\"application\/ld+json\" class=\"yoast-schema-graph\">{\"@context\":\"https:\/\/schema.org\",\"@graph\":[{\"@type\":\"WebPage\",\"@id\":\"https:\/\/undevaincomunism.com\/eveniment-24-august-tica-lumanare\/\",\"url\":\"https:\/\/undevaincomunism.com\/eveniment-24-august-tica-lumanare\/\",\"name\":\"Eveniment 24 august - Tica Lumanare - Undeva In Comunism\",\"isPartOf\":{\"@id\":\"https:\/\/undevaincomunism.com\/#website\"},\"primaryImageOfPage\":{\"@id\":\"https:\/\/undevaincomunism.com\/eveniment-24-august-tica-lumanare\/#primaryimage\"},\"image\":{\"@id\":\"https:\/\/undevaincomunism.com\/eveniment-24-august-tica-lumanare\/#primaryimage\"},\"thumbnailUrl\":\"https:\/\/undevaincomunism.com\/wp-content\/uploads\/2023\/08\/eveniment-24-august-Tica_page-0001.jpg\",\"datePublished\":\"2023-05-02T15:16:44+00:00\",\"dateModified\":\"2023-09-05T10:52:33+00:00\",\"description\":\"Dragi iubitori ai muzicii folk, deschidem seria evenimentelor culturale cu un concert special, sus\u021binut de artistul Tic\u0103 Lum\u00eenare.\",\"breadcrumb\":{\"@id\":\"https:\/\/undevaincomunism.com\/eveniment-24-august-tica-lumanare\/#breadcrumb\"},\"inLanguage\":\"es\",\"potentialAction\":[{\"@type\":\"ReadAction\",\"target\":[\"https:\/\/undevaincomunism.com\/eveniment-24-august-tica-lumanare\/\"]}]},{\"@type\":\"ImageObject\",\"inLanguage\":\"es\",\"@id\":\"https:\/\/undevaincomunism.com\/eveniment-24-august-tica-lumanare\/#primaryimage\",\"url\":\"https:\/\/undevaincomunism.com\/wp-content\/uploads\/2023\/08\/eveniment-24-august-Tica_page-0001.jpg\",\"contentUrl\":\"https:\/\/undevaincomunism.com\/wp-content\/uploads\/2023\/08\/eveniment-24-august-Tica_page-0001.jpg\",\"width\":1055,\"height\":595},{\"@type\":\"BreadcrumbList\",\"@id\":\"https:\/\/undevaincomunism.com\/eveniment-24-august-tica-lumanare\/#breadcrumb\",\"itemListElement\":[{\"@type\":\"ListItem\",\"position\":1,\"name\":\"Home\",\"item\":\"https:\/\/undevaincomunism.com\/\"},{\"@type\":\"ListItem\",\"position\":2,\"name\":\"Eveniment 24 august &#8211; Tica Lumanare\"}]},{\"@type\":\"WebSite\",\"@id\":\"https:\/\/undevaincomunism.com\/#website\",\"url\":\"https:\/\/undevaincomunism.com\/\",\"name\":\"Undeva In Comunism\",\"description\":\"Muzeul Comunismului\",\"potentialAction\":[{\"@type\":\"SearchAction\",\"target\":{\"@type\":\"EntryPoint\",\"urlTemplate\":\"https:\/\/undevaincomunism.com\/?s={search_term_string}\"},\"query-input\":{\"@type\":\"PropertyValueSpecification\",\"valueRequired\":true,\"valueName\":\"search_term_string\"}}],\"inLanguage\":\"es\"}]}<\/script>\n<!-- \/ Yoast SEO plugin. -->","yoast_head_json":{"title":"Eveniment 24 august - Tica Lumanare - Undeva In Comunism","description":"Dragi iubitori ai muzicii folk, deschidem seria evenimentelor culturale cu un concert special, sus\u021binut de artistul Tic\u0103 Lum\u00eenare.","robots":{"index":"index","follow":"follow","max-snippet":"max-snippet:-1","max-image-preview":"max-image-preview:large","max-video-preview":"max-video-preview:-1"},"canonical":"https:\/\/undevaincomunism.com\/es\/eveniment-24-august-tica-lumanare\/","og_locale":"es_ES","og_type":"article","og_title":"Eveniment 24 august - Tica Lumanare - Undeva In Comunism","og_description":"Dragi iubitori ai muzicii folk, deschidem seria evenimentelor culturale cu un concert special, sus\u021binut de artistul Tic\u0103 Lum\u00eenare.","og_url":"https:\/\/undevaincomunism.com\/es\/eveniment-24-august-tica-lumanare\/","og_site_name":"Undeva In Comunism","article_modified_time":"2023-09-05T10:52:33+00:00","og_image":[{"width":1055,"height":595,"url":"https:\/\/undevaincomunism.com\/wp-content\/uploads\/2023\/08\/eveniment-24-august-Tica_page-0001.jpg","type":"image\/jpeg"}],"twitter_card":"summary_large_image","twitter_misc":{"Tiempo de lectura":"3 minutos"},"schema":{"@context":"https:\/\/schema.org","@graph":[{"@type":"WebPage","@id":"https:\/\/undevaincomunism.com\/eveniment-24-august-tica-lumanare\/","url":"https:\/\/undevaincomunism.com\/eveniment-24-august-tica-lumanare\/","name":"Eveniment 24 august - Tica Lumanare - Undeva In Comunism","isPartOf":{"@id":"https:\/\/undevaincomunism.com\/#website"},"primaryImageOfPage":{"@id":"https:\/\/undevaincomunism.com\/eveniment-24-august-tica-lumanare\/#primaryimage"},"image":{"@id":"https:\/\/undevaincomunism.com\/eveniment-24-august-tica-lumanare\/#primaryimage"},"thumbnailUrl":"https:\/\/undevaincomunism.com\/wp-content\/uploads\/2023\/08\/eveniment-24-august-Tica_page-0001.jpg","datePublished":"2023-05-02T15:16:44+00:00","dateModified":"2023-09-05T10:52:33+00:00","description":"Dragi iubitori ai muzicii folk, deschidem seria evenimentelor culturale cu un concert special, sus\u021binut de artistul Tic\u0103 Lum\u00eenare.","breadcrumb":{"@id":"https:\/\/undevaincomunism.com\/eveniment-24-august-tica-lumanare\/#breadcrumb"},"inLanguage":"es","potentialAction":[{"@type":"ReadAction","target":["https:\/\/undevaincomunism.com\/eveniment-24-august-tica-lumanare\/"]}]},{"@type":"ImageObject","inLanguage":"es","@id":"https:\/\/undevaincomunism.com\/eveniment-24-august-tica-lumanare\/#primaryimage","url":"https:\/\/undevaincomunism.com\/wp-content\/uploads\/2023\/08\/eveniment-24-august-Tica_page-0001.jpg","contentUrl":"https:\/\/undevaincomunism.com\/wp-content\/uploads\/2023\/08\/eveniment-24-august-Tica_page-0001.jpg","width":1055,"height":595},{"@type":"BreadcrumbList","@id":"https:\/\/undevaincomunism.com\/eveniment-24-august-tica-lumanare\/#breadcrumb","itemListElement":[{"@type":"ListItem","position":1,"name":"Home","item":"https:\/\/undevaincomunism.com\/"},{"@type":"ListItem","position":2,"name":"Eveniment 24 august &#8211; Tica Lumanare"}]},{"@type":"WebSite","@id":"https:\/\/undevaincomunism.com\/#website","url":"https:\/\/undevaincomunism.com\/","name":"Undeva In Comunism","description":"Muzeul Comunismului","potentialAction":[{"@type":"SearchAction","target":{"@type":"EntryPoint","urlTemplate":"https:\/\/undevaincomunism.com\/?s={search_term_string}"},"query-input":{"@type":"PropertyValueSpecification","valueRequired":true,"valueName":"search_term_string"}}],"inLanguage":"es"}]}},"_links":{"self":[{"href":"https:\/\/undevaincomunism.com\/es\/wp-json\/wp\/v2\/pages\/274","targetHints":{"allow":["GET"]}}],"collection":[{"href":"https:\/\/undevaincomunism.com\/es\/wp-json\/wp\/v2\/pages"}],"about":[{"href":"https:\/\/undevaincomunism.com\/es\/wp-json\/wp\/v2\/types\/page"}],"author":[{"embeddable":true,"href":"https:\/\/undevaincomunism.com\/es\/wp-json\/wp\/v2\/users\/1"}],"replies":[{"embeddable":true,"href":"https:\/\/undevaincomunism.com\/es\/wp-json\/wp\/v2\/comments?post=274"}],"version-history":[{"count":117,"href":"https:\/\/undevaincomunism.com\/es\/wp-json\/wp\/v2\/pages\/274\/revisions"}],"predecessor-version":[{"id":1209,"href":"https:\/\/undevaincomunism.com\/es\/wp-json\/wp\/v2\/pages\/274\/revisions\/1209"}],"wp:featuredmedia":[{"embeddable":true,"href":"https:\/\/undevaincomunism.com\/es\/wp-json\/wp\/v2\/media\/993"}],"wp:attachment":[{"href":"https:\/\/undevaincomunism.com\/es\/wp-json\/wp\/v2\/media?parent=274"}],"curies":[{"name":"wp","href":"https:\/\/api.w.org\/{rel}","templated":true}]}}