{"id":1114,"date":"2023-08-17T15:18:39","date_gmt":"2023-08-17T13:18:39","guid":{"rendered":"https:\/\/undevaincomunism.com\/?page_id=1114"},"modified":"2023-09-05T12:58:19","modified_gmt":"2023-09-05T10:58:19","slug":"folk","status":"publish","type":"page","link":"https:\/\/undevaincomunism.com\/ro\/folk\/","title":{"rendered":"Fiii Satului Montan &#8211; Folk Live"},"content":{"rendered":"<div data-elementor-type=\"wp-page\" data-elementor-id=\"1114\" class=\"elementor elementor-1114\" data-elementor-post-type=\"page\">\n\t\t\t\t\t\t<section class=\"wd-negative-gap elementor-section elementor-top-section elementor-element elementor-element-6717d14 elementor-section-full_width elementor-section-stretched elementor-section-height-default elementor-section-height-default\" data-id=\"6717d14\" data-element_type=\"section\" data-settings=\"{&quot;stretch_section&quot;:&quot;section-stretched&quot;}\">\n\t\t\t\t\t\t\t<div class=\"elementor-background-overlay\"><\/div>\n\t\t\t\t\t\t\t<div class=\"elementor-container elementor-column-gap-default\">\n\t\t\t\t\t<div class=\"elementor-column elementor-col-100 elementor-top-column elementor-element elementor-element-5508a73\" data-id=\"5508a73\" data-element_type=\"column\" data-settings=\"{&quot;background_background&quot;:&quot;classic&quot;}\">\n\t\t\t<div class=\"elementor-widget-wrap elementor-element-populated\">\n\t\t\t\t\t<div class=\"elementor-background-overlay\"><\/div>\n\t\t\t\t\t\t<div class=\"elementor-element elementor-element-5b08838 elementor-widget elementor-widget-heading\" data-id=\"5b08838\" data-element_type=\"widget\" data-widget_type=\"heading.default\">\n\t\t\t\t<div class=\"elementor-widget-container\">\n\t\t\t\t\t<h1 class=\"elementor-heading-title elementor-size-default\">Fiii Satului Montan &#8211; Folk Live<\/h1>\t\t\t\t<\/div>\n\t\t\t\t<\/div>\n\t\t\t\t\t<\/div>\n\t\t<\/div>\n\t\t\t\t\t<\/div>\n\t\t<\/section>\n\t\t\t\t<section class=\"wd-negative-gap elementor-section elementor-top-section elementor-element elementor-element-5ca812d elementor-section-boxed elementor-section-height-default elementor-section-height-default\" data-id=\"5ca812d\" data-element_type=\"section\">\n\t\t\t\t\t\t<div class=\"elementor-container elementor-column-gap-default\">\n\t\t\t\t\t<div class=\"elementor-column elementor-col-100 elementor-top-column elementor-element elementor-element-e3b2016\" data-id=\"e3b2016\" data-element_type=\"column\">\n\t\t\t<div class=\"elementor-widget-wrap elementor-element-populated\">\n\t\t\t\t\t\t<section class=\"wd-negative-gap elementor-section elementor-inner-section elementor-element elementor-element-2a09aff elementor-section-boxed elementor-section-height-default elementor-section-height-default\" data-id=\"2a09aff\" data-element_type=\"section\">\n\t\t\t\t\t\t<div class=\"elementor-container elementor-column-gap-default\">\n\t\t\t\t\t<div class=\"elementor-column elementor-col-100 elementor-inner-column elementor-element elementor-element-a2a552d\" data-id=\"a2a552d\" data-element_type=\"column\">\n\t\t\t<div class=\"elementor-widget-wrap elementor-element-populated\">\n\t\t\t\t\t\t<div class=\"elementor-element elementor-element-ea7bd00 color-scheme-inherit text-left elementor-widget elementor-widget-text-editor\" data-id=\"ea7bd00\" data-element_type=\"widget\" data-widget_type=\"text-editor.default\">\n\t\t\t\t<div class=\"elementor-widget-container\">\n\t\t\t\t\t\t\t\t\t<p>Forma\u0163ia vocal-instrumental\u0103 \u201eFiii Satului Montan\u201d, format\u0103 din Sf\u00eentul (Aurel Marin), Sibip (C\u0103t\u0103lin Barbor) \u0219i D\u0103nu\u021b (Dan Feie\u0219), exist\u0103 dintotdeauna. Oficial &#8211; a se citi \u201eamplificat\u201d, cei trei prieteni de o via\u021b\u0103 au \u00eemplinit, \u00een 2023, 5 ani de urcat pe scen\u0103. \u0218i viitorul se arat\u0103 luminos!\u00a0<\/p><p>Dou\u0103 chit\u0103ri \u0219i-o tob\u0103 (sau cahon), cu trei microfoane \u0219i multe voci din public, Fiii Satului Montan aduc, sub orice acoperi\u0219, doar veselie, voie bun\u0103 \u0219i amintiri de neuitat. Oricine care a dormit (sau nu \u00eenc\u0103) \u00een cort, oricine care are voce (sau nu, dar \u00eei place s\u0103 c\u00e2nte), dac\u0103 are chef de via\u0163\u0103, dac\u0103 \u0219tie (sau nu, dar dore\u0219te) s\u0103 se bucure de serile de caban\u0103 sau de cele din jurul focului m\u0103car ca atmosfer\u0103, este binevenit \u00een mijlocul lor.<\/p><p>\u00cens\u0103 acum, Fiii Satului Montan vor aduce bucuria c\u00e2ntecului \u0219i frumuse\u021bea naturii chiar \u00een inima Centrului Vechi al Capitalei. \u0218i ce alt loc mai bun ar fi putut g\u0103si, dac\u0103 nu sufrageria nostalgic\u0103 a muzeului nou-deschis, \u201eUndeva \u00een Comunism\u201d?<br \/>\u2022 Unde? Strada Covaci 6 (\u201eUndeva \u00een Comunism\u201d)<br \/>\u2022 C\u00e2nd? 30 august, ora 20:00<br \/>\u2022 C\u00e2t? Tax\u0103 intrare: 45 lei, cu rezervare online<\/p><p>V\u0103 reamintim c\u0103 muzeul nostru \u0219i-a deschis por\u021bile recent, \u00een luna iulie a anului 2023, cu scopul de a aduce \u00een aten\u021bia publicului t\u00e2n\u0103r \u0219i mai pu\u021bin t\u00e2n\u0103r perioada comunist\u0103 din istoria Rom\u00e2niei. Prin intermediul evenimentelor culturale precum acest concert, dorim s\u0103 con\u0219tientiz\u0103m \u0219i s\u0103 aducem \u00een prim-plan lec\u021biile trecutului pentru a construi un viitor mai bun.<\/p>\t\t\t\t\t\t\t\t<\/div>\n\t\t\t\t<\/div>\n\t\t\t\t<div class=\"elementor-element elementor-element-9606e20 elementor-widget elementor-widget-image\" data-id=\"9606e20\" data-element_type=\"widget\" data-widget_type=\"image.default\">\n\t\t\t\t<div class=\"elementor-widget-container\">\n\t\t\t\t\t\t\t\t\t\t\t\t\t\t\t<img loading=\"lazy\" decoding=\"async\" width=\"1024\" height=\"585\" src=\"https:\/\/undevaincomunism.com\/wp-content\/uploads\/2023\/08\/AFIS-FII-SATULUI-MONTAN-1024x585.jpeg\" class=\"attachment-large size-large wp-image-1116\" alt=\"\" srcset=\"https:\/\/undevaincomunism.com\/wp-content\/uploads\/2023\/08\/AFIS-FII-SATULUI-MONTAN-1024x585.jpeg 1024w, https:\/\/undevaincomunism.com\/wp-content\/uploads\/2023\/08\/AFIS-FII-SATULUI-MONTAN-150x86.jpeg 150w, https:\/\/undevaincomunism.com\/wp-content\/uploads\/2023\/08\/AFIS-FII-SATULUI-MONTAN-600x343.jpeg 600w, https:\/\/undevaincomunism.com\/wp-content\/uploads\/2023\/08\/AFIS-FII-SATULUI-MONTAN-300x171.jpeg 300w, https:\/\/undevaincomunism.com\/wp-content\/uploads\/2023\/08\/AFIS-FII-SATULUI-MONTAN-768x439.jpeg 768w, https:\/\/undevaincomunism.com\/wp-content\/uploads\/2023\/08\/AFIS-FII-SATULUI-MONTAN-1536x877.jpeg 1536w, https:\/\/undevaincomunism.com\/wp-content\/uploads\/2023\/08\/AFIS-FII-SATULUI-MONTAN-18x10.jpeg 18w, https:\/\/undevaincomunism.com\/wp-content\/uploads\/2023\/08\/AFIS-FII-SATULUI-MONTAN.jpeg 1600w\" sizes=\"auto, (max-width: 1024px) 100vw, 1024px\" \/>\t\t\t\t\t\t\t\t\t\t\t\t\t\t\t<\/div>\n\t\t\t\t<\/div>\n\t\t\t\t\t<\/div>\n\t\t<\/div>\n\t\t\t\t\t<\/div>\n\t\t<\/section>\n\t\t\t\t\t<\/div>\n\t\t<\/div>\n\t\t\t\t\t<\/div>\n\t\t<\/section>\n\t\t\t\t<section class=\"wd-negative-gap elementor-section elementor-top-section elementor-element elementor-element-0c2a98c wd-section-stretch elementor-section-boxed elementor-section-height-default elementor-section-height-default\" data-id=\"0c2a98c\" data-element_type=\"section\" data-settings=\"{&quot;background_background&quot;:&quot;classic&quot;}\">\n\t\t\t\t\t\t\t<div class=\"elementor-background-overlay\"><\/div>\n\t\t\t\t\t\t\t<div class=\"elementor-container elementor-column-gap-default\">\n\t\t\t\t\t<div class=\"elementor-column elementor-col-100 elementor-top-column elementor-element elementor-element-3e3d140\" data-id=\"3e3d140\" data-element_type=\"column\">\n\t\t\t<div class=\"elementor-widget-wrap elementor-element-populated\">\n\t\t\t\t\t\t<section class=\"wd-negative-gap elementor-section elementor-inner-section elementor-element elementor-element-4134ef8 elementor-section-boxed elementor-section-height-default elementor-section-height-default\" data-id=\"4134ef8\" data-element_type=\"section\">\n\t\t\t\t\t\t<div class=\"elementor-container elementor-column-gap-default\">\n\t\t\t\t\t<div class=\"elementor-column elementor-col-50 elementor-inner-column elementor-element elementor-element-964389c\" data-id=\"964389c\" data-element_type=\"column\">\n\t\t\t<div class=\"elementor-widget-wrap elementor-element-populated\">\n\t\t\t\t\t\t<div class=\"elementor-element elementor-element-d4dc45c elementor-widget elementor-widget-heading\" data-id=\"d4dc45c\" data-element_type=\"widget\" data-widget_type=\"heading.default\">\n\t\t\t\t<div class=\"elementor-widget-container\">\n\t\t\t\t\t<h2 class=\"elementor-heading-title elementor-size-default\">INFORMA\u021aII DE INTERES<\/h2>\t\t\t\t<\/div>\n\t\t\t\t<\/div>\n\t\t\t\t\t<\/div>\n\t\t<\/div>\n\t\t\t\t<div class=\"elementor-column elementor-col-50 elementor-inner-column elementor-element elementor-element-ada8023\" data-id=\"ada8023\" data-element_type=\"column\">\n\t\t\t<div class=\"elementor-widget-wrap\">\n\t\t\t\t\t\t\t<\/div>\n\t\t<\/div>\n\t\t\t\t\t<\/div>\n\t\t<\/section>\n\t\t\t\t<section class=\"wd-negative-gap elementor-section elementor-inner-section elementor-element elementor-element-59990ab elementor-section-boxed elementor-section-height-default elementor-section-height-default\" data-id=\"59990ab\" data-element_type=\"section\">\n\t\t\t\t\t\t<div class=\"elementor-container elementor-column-gap-default\">\n\t\t\t\t\t<div class=\"elementor-column elementor-col-25 elementor-inner-column elementor-element elementor-element-50ebb0c\" data-id=\"50ebb0c\" data-element_type=\"column\">\n\t\t\t<div class=\"elementor-widget-wrap elementor-element-populated\">\n\t\t\t\t\t\t<div class=\"elementor-element elementor-element-a165a95 elementor-widget elementor-widget-image\" data-id=\"a165a95\" data-element_type=\"widget\" data-widget_type=\"image.default\">\n\t\t\t\t<div class=\"elementor-widget-container\">\n\t\t\t\t\t\t\t\t\t\t\t\t\t\t\t<img loading=\"lazy\" decoding=\"async\" width=\"898\" height=\"912\" src=\"https:\/\/undevaincomunism.com\/wp-content\/uploads\/2023\/04\/Group-26695.png\" class=\"attachment-large size-large wp-image-51\" alt=\"\" srcset=\"https:\/\/undevaincomunism.com\/wp-content\/uploads\/2023\/04\/Group-26695.png 898w, https:\/\/undevaincomunism.com\/wp-content\/uploads\/2023\/04\/Group-26695-150x152.png 150w, https:\/\/undevaincomunism.com\/wp-content\/uploads\/2023\/04\/Group-26695-600x609.png 600w, https:\/\/undevaincomunism.com\/wp-content\/uploads\/2023\/04\/Group-26695-295x300.png 295w, https:\/\/undevaincomunism.com\/wp-content\/uploads\/2023\/04\/Group-26695-768x780.png 768w\" sizes=\"auto, (max-width: 898px) 100vw, 898px\" \/>\t\t\t\t\t\t\t\t\t\t\t\t\t\t\t<\/div>\n\t\t\t\t<\/div>\n\t\t\t\t<div class=\"elementor-element elementor-element-df342e5 elementor-widget elementor-widget-heading\" data-id=\"df342e5\" data-element_type=\"widget\" data-widget_type=\"heading.default\">\n\t\t\t\t<div class=\"elementor-widget-container\">\n\t\t\t\t\t<h2 class=\"elementor-heading-title elementor-size-default\">CAND?<\/h2>\t\t\t\t<\/div>\n\t\t\t\t<\/div>\n\t\t\t\t<div class=\"elementor-element elementor-element-8cf8e1e color-scheme-inherit text-left elementor-widget elementor-widget-text-editor\" data-id=\"8cf8e1e\" data-element_type=\"widget\" data-widget_type=\"text-editor.default\">\n\t\t\t\t<div class=\"elementor-widget-container\">\n\t\t\t\t\t\t\t\t\t<p>30 AUGUST, 20:00<\/p>\t\t\t\t\t\t\t\t<\/div>\n\t\t\t\t<\/div>\n\t\t\t\t\t<\/div>\n\t\t<\/div>\n\t\t\t\t<div class=\"elementor-column elementor-col-25 elementor-inner-column elementor-element elementor-element-b67533c\" data-id=\"b67533c\" data-element_type=\"column\">\n\t\t\t<div class=\"elementor-widget-wrap elementor-element-populated\">\n\t\t\t\t\t\t<div class=\"elementor-element elementor-element-982fa1c elementor-widget elementor-widget-image\" data-id=\"982fa1c\" data-element_type=\"widget\" data-widget_type=\"image.default\">\n\t\t\t\t<div class=\"elementor-widget-container\">\n\t\t\t\t\t\t\t\t\t\t\t\t\t\t\t<img loading=\"lazy\" decoding=\"async\" width=\"898\" height=\"912\" src=\"https:\/\/undevaincomunism.com\/wp-content\/uploads\/2023\/04\/Group-26695.png\" class=\"attachment-large size-large wp-image-51\" alt=\"\" srcset=\"https:\/\/undevaincomunism.com\/wp-content\/uploads\/2023\/04\/Group-26695.png 898w, https:\/\/undevaincomunism.com\/wp-content\/uploads\/2023\/04\/Group-26695-150x152.png 150w, https:\/\/undevaincomunism.com\/wp-content\/uploads\/2023\/04\/Group-26695-600x609.png 600w, https:\/\/undevaincomunism.com\/wp-content\/uploads\/2023\/04\/Group-26695-295x300.png 295w, https:\/\/undevaincomunism.com\/wp-content\/uploads\/2023\/04\/Group-26695-768x780.png 768w\" sizes=\"auto, (max-width: 898px) 100vw, 898px\" \/>\t\t\t\t\t\t\t\t\t\t\t\t\t\t\t<\/div>\n\t\t\t\t<\/div>\n\t\t\t\t<div class=\"elementor-element elementor-element-adf31a6 elementor-widget elementor-widget-heading\" data-id=\"adf31a6\" data-element_type=\"widget\" data-widget_type=\"heading.default\">\n\t\t\t\t<div class=\"elementor-widget-container\">\n\t\t\t\t\t<h2 class=\"elementor-heading-title elementor-size-default\">UNDE?<\/h2>\t\t\t\t<\/div>\n\t\t\t\t<\/div>\n\t\t\t\t<div class=\"elementor-element elementor-element-0cad2f1 color-scheme-inherit text-left elementor-widget elementor-widget-text-editor\" data-id=\"0cad2f1\" data-element_type=\"widget\" data-widget_type=\"text-editor.default\">\n\t\t\t\t<div class=\"elementor-widget-container\">\n\t\t\t\t\t\t\t\t\t<p>Muzeul Undeva in Comunism, strada Covaci 6<\/p>\t\t\t\t\t\t\t\t<\/div>\n\t\t\t\t<\/div>\n\t\t\t\t\t<\/div>\n\t\t<\/div>\n\t\t\t\t<div class=\"elementor-column elementor-col-25 elementor-inner-column elementor-element elementor-element-1328276\" data-id=\"1328276\" data-element_type=\"column\">\n\t\t\t<div class=\"elementor-widget-wrap elementor-element-populated\">\n\t\t\t\t\t\t<div class=\"elementor-element elementor-element-2d6fae6 elementor-widget elementor-widget-image\" data-id=\"2d6fae6\" data-element_type=\"widget\" data-widget_type=\"image.default\">\n\t\t\t\t<div class=\"elementor-widget-container\">\n\t\t\t\t\t\t\t\t\t\t\t\t\t\t\t<img loading=\"lazy\" decoding=\"async\" width=\"898\" height=\"912\" src=\"https:\/\/undevaincomunism.com\/wp-content\/uploads\/2023\/04\/Group-26695.png\" class=\"attachment-large size-large wp-image-51\" alt=\"\" srcset=\"https:\/\/undevaincomunism.com\/wp-content\/uploads\/2023\/04\/Group-26695.png 898w, https:\/\/undevaincomunism.com\/wp-content\/uploads\/2023\/04\/Group-26695-150x152.png 150w, https:\/\/undevaincomunism.com\/wp-content\/uploads\/2023\/04\/Group-26695-600x609.png 600w, https:\/\/undevaincomunism.com\/wp-content\/uploads\/2023\/04\/Group-26695-295x300.png 295w, https:\/\/undevaincomunism.com\/wp-content\/uploads\/2023\/04\/Group-26695-768x780.png 768w\" sizes=\"auto, (max-width: 898px) 100vw, 898px\" \/>\t\t\t\t\t\t\t\t\t\t\t\t\t\t\t<\/div>\n\t\t\t\t<\/div>\n\t\t\t\t<div class=\"elementor-element elementor-element-4ac682e elementor-widget elementor-widget-heading\" data-id=\"4ac682e\" data-element_type=\"widget\" data-widget_type=\"heading.default\">\n\t\t\t\t<div class=\"elementor-widget-container\">\n\t\t\t\t\t<h2 class=\"elementor-heading-title elementor-size-default\">CAT COSTA?<\/h2>\t\t\t\t<\/div>\n\t\t\t\t<\/div>\n\t\t\t\t<div class=\"elementor-element elementor-element-3cb8a0b color-scheme-inherit text-left elementor-widget elementor-widget-text-editor\" data-id=\"3cb8a0b\" data-element_type=\"widget\" data-widget_type=\"text-editor.default\">\n\t\t\t\t<div class=\"elementor-widget-container\">\n\t\t\t\t\t\t\t\t\t<p>45 lei\/persoana<\/p>\t\t\t\t\t\t\t\t<\/div>\n\t\t\t\t<\/div>\n\t\t\t\t\t<\/div>\n\t\t<\/div>\n\t\t\t\t<div class=\"elementor-column elementor-col-25 elementor-inner-column elementor-element elementor-element-b4d47d8\" data-id=\"b4d47d8\" data-element_type=\"column\">\n\t\t\t<div class=\"elementor-widget-wrap elementor-element-populated\">\n\t\t\t\t\t\t<div class=\"elementor-element elementor-element-4eb7c78 elementor-widget elementor-widget-image\" data-id=\"4eb7c78\" data-element_type=\"widget\" data-widget_type=\"image.default\">\n\t\t\t\t<div class=\"elementor-widget-container\">\n\t\t\t\t\t\t\t\t\t\t\t\t\t\t\t<img loading=\"lazy\" decoding=\"async\" width=\"898\" height=\"912\" src=\"https:\/\/undevaincomunism.com\/wp-content\/uploads\/2023\/04\/Group-26695.png\" class=\"attachment-large size-large wp-image-51\" alt=\"\" srcset=\"https:\/\/undevaincomunism.com\/wp-content\/uploads\/2023\/04\/Group-26695.png 898w, https:\/\/undevaincomunism.com\/wp-content\/uploads\/2023\/04\/Group-26695-150x152.png 150w, https:\/\/undevaincomunism.com\/wp-content\/uploads\/2023\/04\/Group-26695-600x609.png 600w, https:\/\/undevaincomunism.com\/wp-content\/uploads\/2023\/04\/Group-26695-295x300.png 295w, https:\/\/undevaincomunism.com\/wp-content\/uploads\/2023\/04\/Group-26695-768x780.png 768w\" sizes=\"auto, (max-width: 898px) 100vw, 898px\" \/>\t\t\t\t\t\t\t\t\t\t\t\t\t\t\t<\/div>\n\t\t\t\t<\/div>\n\t\t\t\t<div class=\"elementor-element elementor-element-659b4f3 elementor-widget elementor-widget-heading\" data-id=\"659b4f3\" data-element_type=\"widget\" data-widget_type=\"heading.default\">\n\t\t\t\t<div class=\"elementor-widget-container\">\n\t\t\t\t\t<h2 class=\"elementor-heading-title elementor-size-default\">CONTACT<\/h2>\t\t\t\t<\/div>\n\t\t\t\t<\/div>\n\t\t\t\t<div class=\"elementor-element elementor-element-3a00e4c color-scheme-inherit text-left elementor-widget elementor-widget-text-editor\" data-id=\"3a00e4c\" data-element_type=\"widget\" data-widget_type=\"text-editor.default\">\n\t\t\t\t<div class=\"elementor-widget-container\">\n\t\t\t\t\t\t\t\t\t<a style=\"color: white;\" href=\"tel: 0735 636 059\">0735 636 059<\/a>\t\t\t\t\t\t\t\t<\/div>\n\t\t\t\t<\/div>\n\t\t\t\t\t<\/div>\n\t\t<\/div>\n\t\t\t\t\t<\/div>\n\t\t<\/section>\n\t\t\t\t\t<\/div>\n\t\t<\/div>\n\t\t\t\t\t<\/div>\n\t\t<\/section>\n\t\t\t\t<\/div>","protected":false},"excerpt":{"rendered":"<p>Forma\u0163ia vocal-instrumental\u0103 \u201eFiii Satului Montan\u201d, format\u0103 din Sf\u00eentul (Aurel Marin), Sibip (C\u0103t\u0103lin Barbor) \u0219i D\u0103nu\u021b (Dan Feie\u0219), exist\u0103 dintotdeauna. Oficial<\/p>","protected":false},"author":1,"featured_media":1116,"parent":0,"menu_order":0,"comment_status":"closed","ping_status":"closed","template":"elementor_header_footer","meta":{"footnotes":""},"class_list":["post-1114","page","type-page","status-publish","has-post-thumbnail","hentry"],"yoast_head":"<!-- This site is optimized with the Yoast SEO plugin v26.8 - https:\/\/yoast.com\/product\/yoast-seo-wordpress\/ -->\n<title>Fiii Satului Montan - Folk Live - Undeva In Comunism<\/title>\n<meta name=\"description\" content=\"Forma\u0163ia vocal-instrumental\u0103 \u201eFiii Satului Montan\u201d, format\u0103 din Sf\u00eentul (Aurel Marin), Sibip (C\u0103t\u0103lin Barbor) \u0219i D\u0103nu\u021b (Dan Feie\u0219), exist\u0103 dintotdeauna.\" \/>\n<meta name=\"robots\" content=\"index, follow, max-snippet:-1, max-image-preview:large, max-video-preview:-1\" \/>\n<link rel=\"canonical\" href=\"https:\/\/undevaincomunism.com\/ro\/folk\/\" \/>\n<meta property=\"og:locale\" content=\"ro_RO\" \/>\n<meta property=\"og:type\" content=\"article\" \/>\n<meta property=\"og:title\" content=\"Fiii Satului Montan - Folk Live - Undeva In Comunism\" \/>\n<meta property=\"og:description\" content=\"Forma\u0163ia vocal-instrumental\u0103 \u201eFiii Satului Montan\u201d, format\u0103 din Sf\u00eentul (Aurel Marin), Sibip (C\u0103t\u0103lin Barbor) \u0219i D\u0103nu\u021b (Dan Feie\u0219), exist\u0103 dintotdeauna.\" \/>\n<meta property=\"og:url\" content=\"https:\/\/undevaincomunism.com\/ro\/folk\/\" \/>\n<meta property=\"og:site_name\" content=\"Undeva In Comunism\" \/>\n<meta property=\"article:modified_time\" content=\"2023-09-05T10:58:19+00:00\" \/>\n<meta property=\"og:image\" content=\"https:\/\/undevaincomunism.com\/wp-content\/uploads\/2023\/08\/AFIS-FII-SATULUI-MONTAN.jpeg\" \/>\n\t<meta property=\"og:image:width\" content=\"1600\" \/>\n\t<meta property=\"og:image:height\" content=\"914\" \/>\n\t<meta property=\"og:image:type\" content=\"image\/jpeg\" \/>\n<meta name=\"twitter:card\" content=\"summary_large_image\" \/>\n<meta name=\"twitter:label1\" content=\"Timp estimat pentru citire\" \/>\n\t<meta name=\"twitter:data1\" content=\"3 minute\" \/>\n<script type=\"application\/ld+json\" class=\"yoast-schema-graph\">{\"@context\":\"https:\/\/schema.org\",\"@graph\":[{\"@type\":\"WebPage\",\"@id\":\"https:\/\/undevaincomunism.com\/folk\/\",\"url\":\"https:\/\/undevaincomunism.com\/folk\/\",\"name\":\"Fiii Satului Montan - Folk Live - Undeva In Comunism\",\"isPartOf\":{\"@id\":\"https:\/\/undevaincomunism.com\/#website\"},\"primaryImageOfPage\":{\"@id\":\"https:\/\/undevaincomunism.com\/folk\/#primaryimage\"},\"image\":{\"@id\":\"https:\/\/undevaincomunism.com\/folk\/#primaryimage\"},\"thumbnailUrl\":\"https:\/\/undevaincomunism.com\/wp-content\/uploads\/2023\/08\/AFIS-FII-SATULUI-MONTAN.jpeg\",\"datePublished\":\"2023-08-17T13:18:39+00:00\",\"dateModified\":\"2023-09-05T10:58:19+00:00\",\"description\":\"Forma\u0163ia vocal-instrumental\u0103 \u201eFiii Satului Montan\u201d, format\u0103 din Sf\u00eentul (Aurel Marin), Sibip (C\u0103t\u0103lin Barbor) \u0219i D\u0103nu\u021b (Dan Feie\u0219), exist\u0103 dintotdeauna.\",\"breadcrumb\":{\"@id\":\"https:\/\/undevaincomunism.com\/folk\/#breadcrumb\"},\"inLanguage\":\"ro-RO\",\"potentialAction\":[{\"@type\":\"ReadAction\",\"target\":[\"https:\/\/undevaincomunism.com\/folk\/\"]}]},{\"@type\":\"ImageObject\",\"inLanguage\":\"ro-RO\",\"@id\":\"https:\/\/undevaincomunism.com\/folk\/#primaryimage\",\"url\":\"https:\/\/undevaincomunism.com\/wp-content\/uploads\/2023\/08\/AFIS-FII-SATULUI-MONTAN.jpeg\",\"contentUrl\":\"https:\/\/undevaincomunism.com\/wp-content\/uploads\/2023\/08\/AFIS-FII-SATULUI-MONTAN.jpeg\",\"width\":1600,\"height\":914},{\"@type\":\"BreadcrumbList\",\"@id\":\"https:\/\/undevaincomunism.com\/folk\/#breadcrumb\",\"itemListElement\":[{\"@type\":\"ListItem\",\"position\":1,\"name\":\"Home\",\"item\":\"https:\/\/undevaincomunism.com\/\"},{\"@type\":\"ListItem\",\"position\":2,\"name\":\"Fiii Satului Montan &#8211; Folk Live\"}]},{\"@type\":\"WebSite\",\"@id\":\"https:\/\/undevaincomunism.com\/#website\",\"url\":\"https:\/\/undevaincomunism.com\/\",\"name\":\"Undeva In Comunism\",\"description\":\"Muzeul Comunismului\",\"potentialAction\":[{\"@type\":\"SearchAction\",\"target\":{\"@type\":\"EntryPoint\",\"urlTemplate\":\"https:\/\/undevaincomunism.com\/?s={search_term_string}\"},\"query-input\":{\"@type\":\"PropertyValueSpecification\",\"valueRequired\":true,\"valueName\":\"search_term_string\"}}],\"inLanguage\":\"ro-RO\"}]}<\/script>\n<!-- \/ Yoast SEO plugin. -->","yoast_head_json":{"title":"Fiii Satului Montan - Folk Live - Undeva In Comunism","description":"Forma\u0163ia vocal-instrumental\u0103 \u201eFiii Satului Montan\u201d, format\u0103 din Sf\u00eentul (Aurel Marin), Sibip (C\u0103t\u0103lin Barbor) \u0219i D\u0103nu\u021b (Dan Feie\u0219), exist\u0103 dintotdeauna.","robots":{"index":"index","follow":"follow","max-snippet":"max-snippet:-1","max-image-preview":"max-image-preview:large","max-video-preview":"max-video-preview:-1"},"canonical":"https:\/\/undevaincomunism.com\/ro\/folk\/","og_locale":"ro_RO","og_type":"article","og_title":"Fiii Satului Montan - Folk Live - Undeva In Comunism","og_description":"Forma\u0163ia vocal-instrumental\u0103 \u201eFiii Satului Montan\u201d, format\u0103 din Sf\u00eentul (Aurel Marin), Sibip (C\u0103t\u0103lin Barbor) \u0219i D\u0103nu\u021b (Dan Feie\u0219), exist\u0103 dintotdeauna.","og_url":"https:\/\/undevaincomunism.com\/ro\/folk\/","og_site_name":"Undeva In Comunism","article_modified_time":"2023-09-05T10:58:19+00:00","og_image":[{"width":1600,"height":914,"url":"https:\/\/undevaincomunism.com\/wp-content\/uploads\/2023\/08\/AFIS-FII-SATULUI-MONTAN.jpeg","type":"image\/jpeg"}],"twitter_card":"summary_large_image","twitter_misc":{"Timp estimat pentru citire":"3 minute"},"schema":{"@context":"https:\/\/schema.org","@graph":[{"@type":"WebPage","@id":"https:\/\/undevaincomunism.com\/folk\/","url":"https:\/\/undevaincomunism.com\/folk\/","name":"Fiii Satului Montan - Folk Live - Undeva In Comunism","isPartOf":{"@id":"https:\/\/undevaincomunism.com\/#website"},"primaryImageOfPage":{"@id":"https:\/\/undevaincomunism.com\/folk\/#primaryimage"},"image":{"@id":"https:\/\/undevaincomunism.com\/folk\/#primaryimage"},"thumbnailUrl":"https:\/\/undevaincomunism.com\/wp-content\/uploads\/2023\/08\/AFIS-FII-SATULUI-MONTAN.jpeg","datePublished":"2023-08-17T13:18:39+00:00","dateModified":"2023-09-05T10:58:19+00:00","description":"Forma\u0163ia vocal-instrumental\u0103 \u201eFiii Satului Montan\u201d, format\u0103 din Sf\u00eentul (Aurel Marin), Sibip (C\u0103t\u0103lin Barbor) \u0219i D\u0103nu\u021b (Dan Feie\u0219), exist\u0103 dintotdeauna.","breadcrumb":{"@id":"https:\/\/undevaincomunism.com\/folk\/#breadcrumb"},"inLanguage":"ro-RO","potentialAction":[{"@type":"ReadAction","target":["https:\/\/undevaincomunism.com\/folk\/"]}]},{"@type":"ImageObject","inLanguage":"ro-RO","@id":"https:\/\/undevaincomunism.com\/folk\/#primaryimage","url":"https:\/\/undevaincomunism.com\/wp-content\/uploads\/2023\/08\/AFIS-FII-SATULUI-MONTAN.jpeg","contentUrl":"https:\/\/undevaincomunism.com\/wp-content\/uploads\/2023\/08\/AFIS-FII-SATULUI-MONTAN.jpeg","width":1600,"height":914},{"@type":"BreadcrumbList","@id":"https:\/\/undevaincomunism.com\/folk\/#breadcrumb","itemListElement":[{"@type":"ListItem","position":1,"name":"Home","item":"https:\/\/undevaincomunism.com\/"},{"@type":"ListItem","position":2,"name":"Fiii Satului Montan &#8211; Folk Live"}]},{"@type":"WebSite","@id":"https:\/\/undevaincomunism.com\/#website","url":"https:\/\/undevaincomunism.com\/","name":"Undeva In Comunism","description":"Muzeul Comunismului","potentialAction":[{"@type":"SearchAction","target":{"@type":"EntryPoint","urlTemplate":"https:\/\/undevaincomunism.com\/?s={search_term_string}"},"query-input":{"@type":"PropertyValueSpecification","valueRequired":true,"valueName":"search_term_string"}}],"inLanguage":"ro-RO"}]}},"_links":{"self":[{"href":"https:\/\/undevaincomunism.com\/ro\/wp-json\/wp\/v2\/pages\/1114","targetHints":{"allow":["GET"]}}],"collection":[{"href":"https:\/\/undevaincomunism.com\/ro\/wp-json\/wp\/v2\/pages"}],"about":[{"href":"https:\/\/undevaincomunism.com\/ro\/wp-json\/wp\/v2\/types\/page"}],"author":[{"embeddable":true,"href":"https:\/\/undevaincomunism.com\/ro\/wp-json\/wp\/v2\/users\/1"}],"replies":[{"embeddable":true,"href":"https:\/\/undevaincomunism.com\/ro\/wp-json\/wp\/v2\/comments?post=1114"}],"version-history":[{"count":14,"href":"https:\/\/undevaincomunism.com\/ro\/wp-json\/wp\/v2\/pages\/1114\/revisions"}],"predecessor-version":[{"id":1215,"href":"https:\/\/undevaincomunism.com\/ro\/wp-json\/wp\/v2\/pages\/1114\/revisions\/1215"}],"wp:featuredmedia":[{"embeddable":true,"href":"https:\/\/undevaincomunism.com\/ro\/wp-json\/wp\/v2\/media\/1116"}],"wp:attachment":[{"href":"https:\/\/undevaincomunism.com\/ro\/wp-json\/wp\/v2\/media?parent=1114"}],"curies":[{"name":"wp","href":"https:\/\/api.w.org\/{rel}","templated":true}]}}