{"id":704,"date":"2023-07-23T07:58:54","date_gmt":"2023-07-23T07:58:54","guid":{"rendered":"http:\/\/undevaincomunism.com\/?page_id=704"},"modified":"2026-04-09T11:18:42","modified_gmt":"2026-04-09T09:18:42","slug":"contact","status":"publish","type":"page","link":"https:\/\/undevaincomunism.com\/ro\/contact\/","title":{"rendered":"Contact"},"content":{"rendered":"<div data-elementor-type=\"wp-page\" data-elementor-id=\"704\" class=\"elementor elementor-704\" data-elementor-post-type=\"page\">\n\t\t\t\t\t\t<section class=\"wd-negative-gap elementor-section elementor-top-section elementor-element elementor-element-6717d14 elementor-section-full_width elementor-section-stretched elementor-section-height-default elementor-section-height-default\" data-id=\"6717d14\" data-element_type=\"section\" data-settings=\"{&quot;stretch_section&quot;:&quot;section-stretched&quot;,&quot;background_background&quot;:&quot;slideshow&quot;,&quot;background_slideshow_gallery&quot;:[{&quot;id&quot;:500,&quot;url&quot;:&quot;http:\\\/\\\/undevaincomunism.com\\\/wp-content\\\/uploads\\\/2023\\\/07\\\/flat_white_WebRes-scaled.jpg&quot;},{&quot;id&quot;:502,&quot;url&quot;:&quot;http:\\\/\\\/undevaincomunism.com\\\/wp-content\\\/uploads\\\/2023\\\/07\\\/zaganu_WebRes-scaled.jpg&quot;},{&quot;id&quot;:501,&quot;url&quot;:&quot;http:\\\/\\\/undevaincomunism.com\\\/wp-content\\\/uploads\\\/2023\\\/07\\\/rom_WebRes-scaled.jpg&quot;}],&quot;background_slideshow_ken_burns&quot;:&quot;yes&quot;,&quot;background_slideshow_loop&quot;:&quot;yes&quot;,&quot;background_slideshow_slide_duration&quot;:5000,&quot;background_slideshow_slide_transition&quot;:&quot;fade&quot;,&quot;background_slideshow_transition_duration&quot;:500,&quot;background_slideshow_ken_burns_zoom_direction&quot;:&quot;in&quot;}\">\n\t\t\t\t\t\t\t<div class=\"elementor-background-overlay\"><\/div>\n\t\t\t\t\t\t\t<div class=\"elementor-container elementor-column-gap-default\">\n\t\t\t\t\t<div class=\"elementor-column elementor-col-100 elementor-top-column elementor-element elementor-element-5508a73\" data-id=\"5508a73\" data-element_type=\"column\" data-settings=\"{&quot;background_background&quot;:&quot;classic&quot;}\">\n\t\t\t<div class=\"elementor-widget-wrap elementor-element-populated\">\n\t\t\t\t\t<div class=\"elementor-background-overlay\"><\/div>\n\t\t\t\t\t\t<section class=\"wd-negative-gap elementor-section elementor-inner-section elementor-element elementor-element-2cd1554 elementor-section-boxed elementor-section-height-default elementor-section-height-default\" data-id=\"2cd1554\" data-element_type=\"section\">\n\t\t\t\t\t\t<div class=\"elementor-container elementor-column-gap-default\">\n\t\t\t\t\t<div class=\"elementor-column elementor-col-100 elementor-inner-column elementor-element elementor-element-1918e5f\" data-id=\"1918e5f\" data-element_type=\"column\">\n\t\t\t<div class=\"elementor-widget-wrap elementor-element-populated\">\n\t\t\t\t\t\t<div class=\"elementor-element elementor-element-4f994a9 elementor-widget elementor-widget-heading\" data-id=\"4f994a9\" data-element_type=\"widget\" data-widget_type=\"heading.default\">\n\t\t\t\t<div class=\"elementor-widget-container\">\n\t\t\t\t\t<h2 class=\"elementor-heading-title elementor-size-default\">Contact<\/h2>\t\t\t\t<\/div>\n\t\t\t\t<\/div>\n\t\t\t\t\t<\/div>\n\t\t<\/div>\n\t\t\t\t\t<\/div>\n\t\t<\/section>\n\t\t\t\t\t<\/div>\n\t\t<\/div>\n\t\t\t\t\t<\/div>\n\t\t<\/section>\n\t\t\t\t<section class=\"wd-negative-gap elementor-section elementor-top-section elementor-element elementor-element-2489d0c wd-section-stretch elementor-section-boxed elementor-section-height-default elementor-section-height-default\" data-id=\"2489d0c\" data-element_type=\"section\" data-settings=\"{&quot;background_background&quot;:&quot;classic&quot;}\">\n\t\t\t\t\t\t\t<div class=\"elementor-background-overlay\"><\/div>\n\t\t\t\t\t\t\t<div class=\"elementor-container elementor-column-gap-default\">\n\t\t\t\t\t<div class=\"elementor-column elementor-col-100 elementor-top-column elementor-element elementor-element-fdd4a97\" data-id=\"fdd4a97\" data-element_type=\"column\">\n\t\t\t<div class=\"elementor-widget-wrap elementor-element-populated\">\n\t\t\t\t\t\t<section class=\"elementor-section elementor-inner-section elementor-element elementor-element-01eed6d elementor-section-boxed elementor-section-height-default elementor-section-height-default\" data-id=\"01eed6d\" data-element_type=\"section\">\n\t\t\t\t\t\t<div class=\"elementor-container elementor-column-gap-default\">\n\t\t\t\t\t<div class=\"elementor-column elementor-col-100 elementor-inner-column elementor-element elementor-element-8a1accf\" data-id=\"8a1accf\" data-element_type=\"column\">\n\t\t\t<div class=\"elementor-widget-wrap elementor-element-populated\">\n\t\t\t\t\t\t<div class=\"elementor-element elementor-element-a87492f elementor-widget elementor-widget-heading\" data-id=\"a87492f\" data-element_type=\"widget\" data-widget_type=\"heading.default\">\n\t\t\t\t<div class=\"elementor-widget-container\">\n\t\t\t\t\t<h3 class=\"elementor-heading-title elementor-size-default\">Rezerv\u0103ri pentru grupuri \u0219colare<\/h3>\t\t\t\t<\/div>\n\t\t\t\t<\/div>\n\t\t\t\t<div class=\"elementor-element elementor-element-04971fe elementor-widget__width-initial color-scheme-inherit text-left elementor-widget elementor-widget-text-editor\" data-id=\"04971fe\" data-element_type=\"widget\" data-widget_type=\"text-editor.default\">\n\t\t\t\t<div class=\"elementor-widget-container\">\n\t\t\t\t\t\t\t\t\t<p>Rezerv\u0103rile se realizeaz\u0103 DOAR prin e-mail (\u00een scris). Click <span style=\"color: #3366ff;\"><a style=\"color: #3366ff;\" href=\"https:\/\/undevaincomunism.com\/ro\/scoala-altfel\/\">aici<\/a><\/span> pentru a vedea toate detaliile.<\/p>\t\t\t\t\t\t\t\t<\/div>\n\t\t\t\t<\/div>\n\t\t\t\t\t<\/div>\n\t\t<\/div>\n\t\t\t\t\t<\/div>\n\t\t<\/section>\n\t\t\t\t<section class=\"wd-negative-gap elementor-section elementor-inner-section elementor-element elementor-element-f8a80a4 elementor-section-boxed elementor-section-height-default elementor-section-height-default\" data-id=\"f8a80a4\" data-element_type=\"section\">\n\t\t\t\t\t\t<div class=\"elementor-container elementor-column-gap-default\">\n\t\t\t\t\t<div class=\"elementor-column elementor-col-100 elementor-inner-column elementor-element elementor-element-0df5a81\" data-id=\"0df5a81\" data-element_type=\"column\">\n\t\t\t<div class=\"elementor-widget-wrap elementor-element-populated\">\n\t\t\t\t\t\t<section class=\"wd-negative-gap elementor-section elementor-inner-section elementor-element elementor-element-3d97bdc elementor-section-boxed elementor-section-height-default elementor-section-height-default\" data-id=\"3d97bdc\" data-element_type=\"section\">\n\t\t\t\t\t\t<div class=\"elementor-container elementor-column-gap-default\">\n\t\t\t\t\t<div class=\"elementor-column elementor-col-50 elementor-inner-column elementor-element elementor-element-6539441\" data-id=\"6539441\" data-element_type=\"column\">\n\t\t\t<div class=\"elementor-widget-wrap elementor-element-populated\">\n\t\t\t\t\t\t<div class=\"elementor-element elementor-element-fbc4f97 elementor-widget elementor-widget-heading\" data-id=\"fbc4f97\" data-element_type=\"widget\" data-widget_type=\"heading.default\">\n\t\t\t\t<div class=\"elementor-widget-container\">\n\t\t\t\t\t<h3 class=\"elementor-heading-title elementor-size-default\">Rezerv\u0103ri tururi, dona\u021bii obiecte \u0219i \u00eentreb\u0103ri<\/h3>\t\t\t\t<\/div>\n\t\t\t\t<\/div>\n\t\t\t\t<div class=\"elementor-element elementor-element-10d32f9 color-scheme-inherit text-left elementor-widget elementor-widget-text-editor\" data-id=\"10d32f9\" data-element_type=\"widget\" data-widget_type=\"text-editor.default\">\n\t\t\t\t<div class=\"elementor-widget-container\">\n\t\t\t\t\t\t\t\t\t<p>undevaincomunism@gmail.com<\/p>\t\t\t\t\t\t\t\t<\/div>\n\t\t\t\t<\/div>\n\t\t\t\t\t<\/div>\n\t\t<\/div>\n\t\t\t\t<div class=\"elementor-column elementor-col-50 elementor-inner-column elementor-element elementor-element-4337bb5\" data-id=\"4337bb5\" data-element_type=\"column\">\n\t\t\t<div class=\"elementor-widget-wrap elementor-element-populated\">\n\t\t\t\t\t\t<div class=\"elementor-element elementor-element-46aefe2 elementor-widget elementor-widget-heading\" data-id=\"46aefe2\" data-element_type=\"widget\" data-widget_type=\"heading.default\">\n\t\t\t\t<div class=\"elementor-widget-container\">\n\t\t\t\t\t<h3 class=\"elementor-heading-title elementor-size-default\">EXCLUSIV contact pentru pres\u0103 sau urgen\u021be<\/h3>\t\t\t\t<\/div>\n\t\t\t\t<\/div>\n\t\t\t\t<div class=\"elementor-element elementor-element-6febc07 color-scheme-inherit text-left elementor-widget elementor-widget-text-editor\" data-id=\"6febc07\" data-element_type=\"widget\" data-widget_type=\"text-editor.default\">\n\t\t\t\t<div class=\"elementor-widget-container\">\n\t\t\t\t\t\t\t\t\t<p>+40 735 636 059 \/ +40 748 150 003\u00a0<\/p>\t\t\t\t\t\t\t\t<\/div>\n\t\t\t\t<\/div>\n\t\t\t\t\t<\/div>\n\t\t<\/div>\n\t\t\t\t\t<\/div>\n\t\t<\/section>\n\t\t\t\t\t<\/div>\n\t\t<\/div>\n\t\t\t\t\t<\/div>\n\t\t<\/section>\n\t\t\t\t\t<\/div>\n\t\t<\/div>\n\t\t\t\t\t<\/div>\n\t\t<\/section>\n\t\t\t\t<section class=\"wd-negative-gap elementor-section elementor-top-section elementor-element elementor-element-3fa7129 wd-section-stretch-content elementor-section-boxed elementor-section-height-default elementor-section-height-default\" data-id=\"3fa7129\" data-element_type=\"section\">\n\t\t\t\t\t\t<div class=\"elementor-container elementor-column-gap-default\">\n\t\t\t\t\t<div class=\"elementor-column elementor-col-100 elementor-top-column elementor-element elementor-element-08faf80\" data-id=\"08faf80\" data-element_type=\"column\">\n\t\t\t<div class=\"elementor-widget-wrap elementor-element-populated\">\n\t\t\t\t\t\t<div class=\"elementor-element elementor-element-8a7d681 elementor-widget elementor-widget-google_maps\" data-id=\"8a7d681\" data-element_type=\"widget\" data-widget_type=\"google_maps.default\">\n\t\t\t\t<div class=\"elementor-widget-container\">\n\t\t\t\t\t\t\t<div class=\"elementor-custom-embed\">\n\t\t\t<iframe loading=\"lazy\"\n\t\t\t\t\tsrc=\"https:\/\/maps.google.com\/maps?q=Undeva%20in%20comunism&#038;t=m&#038;z=15&#038;output=embed&#038;iwloc=near\"\n\t\t\t\t\ttitle=\"Undeva in comunism\"\n\t\t\t\t\taria-label=\"Undeva in comunism\"\n\t\t\t><\/iframe>\n\t\t<\/div>\n\t\t\t\t\t\t<\/div>\n\t\t\t\t<\/div>\n\t\t\t\t\t<\/div>\n\t\t<\/div>\n\t\t\t\t\t<\/div>\n\t\t<\/section>\n\t\t\t\t<\/div>","protected":false},"excerpt":{"rendered":"<p>Contact School Group Bookings Bookings are made ONLY via email (in writing). Click here to see all the details. Tour<\/p>","protected":false},"author":1,"featured_media":0,"parent":0,"menu_order":0,"comment_status":"closed","ping_status":"closed","template":"elementor_header_footer","meta":{"footnotes":""},"class_list":["post-704","page","type-page","status-publish","hentry"],"yoast_head":"<!-- This site is optimized with the Yoast SEO plugin v26.8 - https:\/\/yoast.com\/product\/yoast-seo-wordpress\/ -->\n<title>Contact - Undeva In Comunism<\/title>\n<meta name=\"robots\" content=\"index, follow, max-snippet:-1, max-image-preview:large, max-video-preview:-1\" \/>\n<link rel=\"canonical\" href=\"https:\/\/undevaincomunism.com\/ro\/contact\/\" \/>\n<meta property=\"og:locale\" content=\"ro_RO\" \/>\n<meta property=\"og:type\" content=\"article\" \/>\n<meta property=\"og:title\" content=\"Contact - Undeva In Comunism\" \/>\n<meta property=\"og:description\" content=\"Contact School Group Bookings Bookings are made ONLY via email (in writing). Click here to see all the details. Tour\" \/>\n<meta property=\"og:url\" content=\"https:\/\/undevaincomunism.com\/ro\/contact\/\" \/>\n<meta property=\"og:site_name\" content=\"Undeva In Comunism\" \/>\n<meta property=\"article:modified_time\" content=\"2026-04-09T09:18:42+00:00\" \/>\n<meta name=\"twitter:card\" content=\"summary_large_image\" \/>\n<meta name=\"twitter:label1\" content=\"Timp estimat pentru citire\" \/>\n\t<meta name=\"twitter:data1\" content=\"1 minut\" \/>\n<script type=\"application\/ld+json\" class=\"yoast-schema-graph\">{\"@context\":\"https:\/\/schema.org\",\"@graph\":[{\"@type\":\"WebPage\",\"@id\":\"https:\/\/undevaincomunism.com\/contact\/\",\"url\":\"https:\/\/undevaincomunism.com\/contact\/\",\"name\":\"Contact - Undeva In Comunism\",\"isPartOf\":{\"@id\":\"https:\/\/undevaincomunism.com\/#website\"},\"datePublished\":\"2023-07-23T07:58:54+00:00\",\"dateModified\":\"2026-04-09T09:18:42+00:00\",\"breadcrumb\":{\"@id\":\"https:\/\/undevaincomunism.com\/contact\/#breadcrumb\"},\"inLanguage\":\"ro-RO\",\"potentialAction\":[{\"@type\":\"ReadAction\",\"target\":[\"https:\/\/undevaincomunism.com\/contact\/\"]}]},{\"@type\":\"BreadcrumbList\",\"@id\":\"https:\/\/undevaincomunism.com\/contact\/#breadcrumb\",\"itemListElement\":[{\"@type\":\"ListItem\",\"position\":1,\"name\":\"Home\",\"item\":\"https:\/\/undevaincomunism.com\/\"},{\"@type\":\"ListItem\",\"position\":2,\"name\":\"Contact\"}]},{\"@type\":\"WebSite\",\"@id\":\"https:\/\/undevaincomunism.com\/#website\",\"url\":\"https:\/\/undevaincomunism.com\/\",\"name\":\"Undeva In Comunism\",\"description\":\"Muzeul Comunismului\",\"potentialAction\":[{\"@type\":\"SearchAction\",\"target\":{\"@type\":\"EntryPoint\",\"urlTemplate\":\"https:\/\/undevaincomunism.com\/?s={search_term_string}\"},\"query-input\":{\"@type\":\"PropertyValueSpecification\",\"valueRequired\":true,\"valueName\":\"search_term_string\"}}],\"inLanguage\":\"ro-RO\"}]}<\/script>\n<!-- \/ Yoast SEO plugin. -->","yoast_head_json":{"title":"Contact - Undeva In Comunism","robots":{"index":"index","follow":"follow","max-snippet":"max-snippet:-1","max-image-preview":"max-image-preview:large","max-video-preview":"max-video-preview:-1"},"canonical":"https:\/\/undevaincomunism.com\/ro\/contact\/","og_locale":"ro_RO","og_type":"article","og_title":"Contact - Undeva In Comunism","og_description":"Contact School Group Bookings Bookings are made ONLY via email (in writing). Click here to see all the details. Tour","og_url":"https:\/\/undevaincomunism.com\/ro\/contact\/","og_site_name":"Undeva In Comunism","article_modified_time":"2026-04-09T09:18:42+00:00","twitter_card":"summary_large_image","twitter_misc":{"Timp estimat pentru citire":"1 minut"},"schema":{"@context":"https:\/\/schema.org","@graph":[{"@type":"WebPage","@id":"https:\/\/undevaincomunism.com\/contact\/","url":"https:\/\/undevaincomunism.com\/contact\/","name":"Contact - Undeva In Comunism","isPartOf":{"@id":"https:\/\/undevaincomunism.com\/#website"},"datePublished":"2023-07-23T07:58:54+00:00","dateModified":"2026-04-09T09:18:42+00:00","breadcrumb":{"@id":"https:\/\/undevaincomunism.com\/contact\/#breadcrumb"},"inLanguage":"ro-RO","potentialAction":[{"@type":"ReadAction","target":["https:\/\/undevaincomunism.com\/contact\/"]}]},{"@type":"BreadcrumbList","@id":"https:\/\/undevaincomunism.com\/contact\/#breadcrumb","itemListElement":[{"@type":"ListItem","position":1,"name":"Home","item":"https:\/\/undevaincomunism.com\/"},{"@type":"ListItem","position":2,"name":"Contact"}]},{"@type":"WebSite","@id":"https:\/\/undevaincomunism.com\/#website","url":"https:\/\/undevaincomunism.com\/","name":"Undeva In Comunism","description":"Muzeul Comunismului","potentialAction":[{"@type":"SearchAction","target":{"@type":"EntryPoint","urlTemplate":"https:\/\/undevaincomunism.com\/?s={search_term_string}"},"query-input":{"@type":"PropertyValueSpecification","valueRequired":true,"valueName":"search_term_string"}}],"inLanguage":"ro-RO"}]}},"_links":{"self":[{"href":"https:\/\/undevaincomunism.com\/ro\/wp-json\/wp\/v2\/pages\/704","targetHints":{"allow":["GET"]}}],"collection":[{"href":"https:\/\/undevaincomunism.com\/ro\/wp-json\/wp\/v2\/pages"}],"about":[{"href":"https:\/\/undevaincomunism.com\/ro\/wp-json\/wp\/v2\/types\/page"}],"author":[{"embeddable":true,"href":"https:\/\/undevaincomunism.com\/ro\/wp-json\/wp\/v2\/users\/1"}],"replies":[{"embeddable":true,"href":"https:\/\/undevaincomunism.com\/ro\/wp-json\/wp\/v2\/comments?post=704"}],"version-history":[{"count":115,"href":"https:\/\/undevaincomunism.com\/ro\/wp-json\/wp\/v2\/pages\/704\/revisions"}],"predecessor-version":[{"id":5845,"href":"https:\/\/undevaincomunism.com\/ro\/wp-json\/wp\/v2\/pages\/704\/revisions\/5845"}],"wp:attachment":[{"href":"https:\/\/undevaincomunism.com\/ro\/wp-json\/wp\/v2\/media?parent=704"}],"curies":[{"name":"wp","href":"https:\/\/api.w.org\/{rel}","templated":true}]}}